{"id":55,"date":"2018-06-13T08:40:43","date_gmt":"2018-06-13T08:40:43","guid":{"rendered":"https:\/\/memoria2017.sigaus.es\/?page_id=55"},"modified":"2021-10-29T13:35:07","modified_gmt":"2021-10-29T13:35:07","slug":"politica-de-cookies","status":"publish","type":"page","link":"https:\/\/memoria2017.sigaus.es\/index.php\/politica-de-cookies\/","title":{"rendered":"Pol\u00edtica de Cookies"},"content":{"rendered":"<p>[vc_row][vc_column]<style type=\"text\/css\" >#l_gh8e90fftfj2fmyi9r3z{width:500px;}#l_gh8e90fftfj2fmyi9r3z.sc_line ,#l_gh8e90fftfj2fmyi9r3z .sc_line { height:1px; background:#1a1a1a;}#l_gh8e90fftfj2fmyi9r3z.sc_line ,#l_gh8e90fftfj2fmyi9r3z .sc_line{margin-left:auto!important; margin-right:auto!important;}#l_gh8e90fftfj2fmyi9r3z {margin:0px 0 0px 0; padding:0;}<\/style><style type='text\/css'> @font-face{font-family: 'ion'; src:url('https:\/\/memoria2017.sigaus.es\/wp-content\/themes\/SigausMemoria2017\/includes\/4k-icons\/icons\/4k-icons-pack03\/icons\/fonts\/ion.eot'); src:url('https:\/\/memoria2017.sigaus.es\/wp-content\/themes\/SigausMemoria2017\/includes\/4k-icons\/icons\/4k-icons-pack03\/icons\/fonts\/ion.eot?#iefix') format('embedded-opentype'), url('https:\/\/memoria2017.sigaus.es\/wp-content\/themes\/SigausMemoria2017\/includes\/4k-icons\/icons\/4k-icons-pack03\/icons\/fonts\/ion.woff') format('woff'), url('https:\/\/memoria2017.sigaus.es\/wp-content\/themes\/SigausMemoria2017\/includes\/4k-icons\/icons\/4k-icons-pack03\/icons\/fonts\/ion.ttf') format('truetype'), url('https:\/\/memoria2017.sigaus.es\/wp-content\/themes\/SigausMemoria2017\/includes\/4k-icons\/icons\/4k-icons-pack03\/icons\/fonts\/ion.svg#oi') format('svg'); font-weight: normal; font-style: normal;}#l_gh8e90fftfj2fmyi9r3z .ion-document:before{font-family: 'ion'; font-weight: normal; font-style: normal;}#l_gh8e90fftfj2fmyi9r3z .ion-document:before{content: \"\\e888\";}<\/style>\n<style type=\"text\/css\" >#l_gh8e90fftfj2fmyi9r3z.rd_icon_line_c{height:35px;}#l_gh8e90fftfj2fmyi9r3z.rd_icon_line_c i{line-height:30px; width:30px ; font-size:30px; color:#286380 ; margin-left:-15px;}#l_gh8e90fftfj2fmyi9r3z .sc_line_l{float:left; margin:15px 0 0 0; width: -moz-calc(50% - 25px); width: -webkit-calc(50% - 25px); width: -o-calc(50% - 25px); width: calc(50% - 25px);}#l_gh8e90fftfj2fmyi9r3z .sc_line_r{float:right; margin:15px 0 0 0; width: -moz-calc(50% - 25px); width: -webkit-calc(50% - 25px); width: -o-calc(50% - 25px); width: calc(50% - 25px);}<\/style><div class=\"clearfix\"><\/div><div id=\"l_gh8e90fftfj2fmyi9r3z\"  class=\"rd_icon_line_c\"><i class=\"ion-document\"><\/i><div class=\"sc_line_l sc_line rd_line_normal\" ><\/div><div class=\"sc_line sc_line_r rd_line_normal\" ><\/div><\/div>[vc_custom_heading text=&#8221;Pol\u00edtica de cookies&#8221; font_container=&#8221;tag:h2|font_size:50|text_align:center&#8221; use_theme_fonts=&#8221;yes&#8221; css=&#8221;.vc_custom_1529914072319{margin-bottom: 0px !important;padding-top: 10px !important;padding-bottom: 20px !important;}&#8221;]<style type=\"text\/css\" >#l_pjdhpnjveu9uy1hm2863{width:500px;}#l_pjdhpnjveu9uy1hm2863.sc_line ,#l_pjdhpnjveu9uy1hm2863 .sc_line { height:1px; background:#1a1a1a;}#l_pjdhpnjveu9uy1hm2863.sc_line ,#l_pjdhpnjveu9uy1hm2863 .sc_line{margin-left:auto!important; margin-right:auto!important;}#l_pjdhpnjveu9uy1hm2863 {margin:0px 0 50px 0; padding:0;}<\/style><style type='text\/css'> @font-face{font-family: 'ion'; src:url('https:\/\/memoria2017.sigaus.es\/wp-content\/themes\/SigausMemoria2017\/includes\/4k-icons\/icons\/4k-icons-pack03\/icons\/fonts\/ion.eot'); src:url('https:\/\/memoria2017.sigaus.es\/wp-content\/themes\/SigausMemoria2017\/includes\/4k-icons\/icons\/4k-icons-pack03\/icons\/fonts\/ion.eot?#iefix') format('embedded-opentype'), url('https:\/\/memoria2017.sigaus.es\/wp-content\/themes\/SigausMemoria2017\/includes\/4k-icons\/icons\/4k-icons-pack03\/icons\/fonts\/ion.woff') format('woff'), url('https:\/\/memoria2017.sigaus.es\/wp-content\/themes\/SigausMemoria2017\/includes\/4k-icons\/icons\/4k-icons-pack03\/icons\/fonts\/ion.ttf') format('truetype'), url('https:\/\/memoria2017.sigaus.es\/wp-content\/themes\/SigausMemoria2017\/includes\/4k-icons\/icons\/4k-icons-pack03\/icons\/fonts\/ion.svg#oi') format('svg'); font-weight: normal; font-style: normal;}#l_pjdhpnjveu9uy1hm2863 .ion-document:before{font-family: 'ion'; font-weight: normal; font-style: normal;}#l_pjdhpnjveu9uy1hm2863 .ion-document:before{content: \"\\e888\";}<\/style>\n<style type=\"text\/css\" >#l_pjdhpnjveu9uy1hm2863.rd_icon_line_c{height:35px;}#l_pjdhpnjveu9uy1hm2863.rd_icon_line_c i{line-height:30px; width:30px ; font-size:30px; color:#286380 ; margin-left:-15px;}#l_pjdhpnjveu9uy1hm2863 .sc_line_l{float:left; margin:15px 0 0 0; width: -moz-calc(50% - 25px); width: -webkit-calc(50% - 25px); width: -o-calc(50% - 25px); width: calc(50% - 25px);}#l_pjdhpnjveu9uy1hm2863 .sc_line_r{float:right; margin:15px 0 0 0; width: -moz-calc(50% - 25px); width: -webkit-calc(50% - 25px); width: -o-calc(50% - 25px); width: calc(50% - 25px);}<\/style><div class=\"clearfix\"><\/div><div id=\"l_pjdhpnjveu9uy1hm2863\"  class=\"rd_icon_line_c\"><i class=\"ion-document\"><\/i><div class=\"sc_line_l sc_line rd_line_normal\" ><\/div><div class=\"sc_line sc_line_r rd_line_normal\" ><\/div><\/div>[\/vc_column][\/vc_row][vc_row][vc_column][vc_column_text]SISTEMA INTEGRADO DE GESTION DE ACEITES USADOS, S.L. (en adelante \u201cSIGAUS\u201d) con domicilio en Avda. Europa, 34-D. 3\u00baB, 28023 Madrid y C.I.F B-84886837 le informa a continuaci\u00f3n de la Pol\u00edtica de Cookies que regula el uso de cookies.<\/p>\n<h5><strong><br \/>\nAceptaci\u00f3n de la Pol\u00edtica de cookies<\/strong><\/h5>\n<p>El usuario acepta el uso de cookies y la presente pol\u00edtica de cookies a trav\u00e9s de la marcaci\u00f3n de la casilla correspondiente. En el caso de que el usuario acepte el uso de cookies y la presente pol\u00edtica de cookies, no se volver\u00e1 a visualizar el aviso de la primera capa de informaci\u00f3n durante la sesi\u00f3n correspondiente. Igualmente el usuario podr\u00e1 modificar la configuraci\u00f3n de las cookies a trav\u00e9s de la herramienta habilitada para ello.<\/p>\n<h5><strong><br \/>\n1. Qu\u00e9 son las cookies<\/strong><\/h5>\n<p>Las cookies son peque\u00f1os archivos que contienen una determinada informaci\u00f3n sobre la navegaci\u00f3n del USUARIO a trav\u00e9s de la P\u00e1gina Web. Las cookies se env\u00edan al navegador del usuario y se almacenan en su equipo.<\/p>\n<h5><strong><br \/>\n2. Finalidad de las cookies<\/strong><\/h5>\n<p>Las cookies se utilizan para captar informaci\u00f3n sobre la navegaci\u00f3n del USUARIO para, mediante el an\u00e1lisis de la misma, averiguar c\u00f3mo el USUARIO interact\u00faa con la P\u00e1gina Web y as\u00ed optimizar la experiencia de su navegaci\u00f3n, en ning\u00fan caso, se asocia tales cookies a los datos personales concretos del USUARIO ni se identifica a \u00e9ste a trav\u00e9s de aqu\u00e9llas.<\/p>\n<h5><strong><br \/>\n3. Tipos de cookies<\/strong><\/h5>\n<ul>\n<li>Seg\u00fan quien sea la <strong>entidad que gestione el dominio desde donde se env\u00edan las cookies<\/strong> y trate los datos que se obtengan se pueden distinguir dos tipos:<\/li>\n<\/ul>\n<p><em>Cookies propias<\/em>: aqu\u00e9llas que se env\u00edan al equipo terminal del usuario desde un equipo o dominio gestionado por DUET y desde el que se presta el servicio solicitado por el usuario.<br \/>\n<em>Cookies de terceros<\/em>: aqu\u00e9llas que se env\u00edan al equipo terminal del usuario desde un equipo o dominio que no es gestionado por DUET, sino por otra entidad que trata los datos obtenidos trav\u00e9s de las cookies.<br \/>\nEn el caso de que las cookies sean instaladas desde un equipo o dominio gestionado por DUET pero la informaci\u00f3n que se recoja mediante \u00e9stas sea gestionada por un tercero, no pueden ser consideradas como cookies propias.<\/p>\n<ul>\n<li>Existe tambi\u00e9n una segunda clasificaci\u00f3n seg\u00fan el plazo de tiempo que permanecen almacenadas en el navegador del usuario, pudiendo tratarse de:<\/li>\n<\/ul>\n<p><em>Cookies de sesi\u00f3n<\/em>: dise\u00f1adas para recabar y almacenar datos mientras el usuario accede a una p\u00e1gina web. Se suelen emplear para almacenar informaci\u00f3n que solo interesa conservar para la prestaci\u00f3n del servicio solicitado por el usuario en una sola ocasi\u00f3n (p.ej. una lista de productos adquiridos).<br \/>\n<em><br \/>\nCookies persistentes<\/em>: los datos siguen almacenados en el terminal y pueden ser accedidos y tratados durante un periodo definido por el responsable de la cookie, y que puede ir de unos minutos a varios a\u00f1os.<\/p>\n<ul>\n<li>Por \u00faltimo, existe otra clasificaci\u00f3n con cinco tipos de cookies seg\u00fan la finalidad para la que se traten los datos obtenidos:<\/li>\n<\/ul>\n<p><em>Cookies t\u00e9cnicas<\/em>: aquellas que permiten al usuario la navegaci\u00f3n a trav\u00e9s de una p\u00e1gina web, plataforma o aplicaci\u00f3n y la utilizaci\u00f3n de las diferentes opciones o servicios que en ella existan como, por ejemplo, controlar el tr\u00e1fico y la comunicaci\u00f3n de datos, identificar la sesi\u00f3n, acceder a partes de acceso restringido, recordar los elementos que integran un pedido, realizar el proceso de compra de un pedido, realizar la solicitud de inscripci\u00f3n o participaci\u00f3n en un evento, utilizar elementos de seguridad durante la navegaci\u00f3n, almacenar contenidos para la difusi\u00f3n de v\u00eddeos o sonido o compartir contenidos a trav\u00e9s de redes sociales.<br \/>\n<em><br \/>\nCookies de personalizaci\u00f3n<\/em>: permiten al usuario acceder al servicio con algunas caracter\u00edsticas de car\u00e1cter general predefinidas en funci\u00f3n de una serie de criterios en el terminal del usuario como por ejemplo serian el idioma, el tipo de navegador a trav\u00e9s del cual accede al servicio, la configuraci\u00f3n regional desde donde accede al servicio, etc.<br \/>\n<em><br \/>\nCookies de an\u00e1lisis<\/em>: permiten al responsable de las mismas, el seguimiento y an\u00e1lisis del comportamiento de los usuarios de los sitios web a los que est\u00e1n vinculadas. La informaci\u00f3n recogida mediante este tipo de cookies se utiliza en la medici\u00f3n de la actividad de los sitios web, aplicaci\u00f3n o plataforma y para la elaboraci\u00f3n de perfiles de navegaci\u00f3n de los usuarios de dichos sitios, aplicaciones y plataformas, con el fin de introducir mejoras en funci\u00f3n del an\u00e1lisis de los datos de uso que hacen los usuarios del servicio.<br \/>\n<em><br \/>\nCookies publicitarias<\/em>: permiten la gesti\u00f3n, de la forma m\u00e1s eficaz posible, de los espacios publicitarios.<br \/>\n<em><br \/>\nCookies de publicidad comportamental<\/em>: almacenan informaci\u00f3n del comportamiento de los usuarios obtenida a trav\u00e9s de la observaci\u00f3n continuada de sus h\u00e1bitos de navegaci\u00f3n, lo que permite desarrollar un perfil espec\u00edfico para mostrar publicidad en funci\u00f3n del mismo.<br \/>\n<em><br \/>\nCookies de redes sociales externas<\/em>: se utilizan para que los visitantes puedan interactuar con el contenido de diferentes plataformas sociales (facebook, youtube, twitter, linkedIn, etc.) y que se generen \u00fanicamente para los usuarios de dichas redes sociales. Las condiciones de utilizaci\u00f3n de estas cookies y la informaci\u00f3n recopilada se regula por la pol\u00edtica de privacidad de la plataforma social correspondiente.<\/p>\n<h5><strong><br \/>\n4. Finalidad de las cookies<\/strong><\/h5>\n<p>Las cookies se utilizan para captar informaci\u00f3n sobre la navegaci\u00f3n del usuario para, mediante el an\u00e1lisis de la misma, averiguar c\u00f3mo el usuario interact\u00faa con la p\u00e1gina web, y as\u00ed optimizar la experiencia de su navegaci\u00f3n.<\/p>\n<h5><strong><br \/>\n5. Cookies utilizadas en la web www.memoria2017.sigaus.es<br \/>\n<\/strong><\/h5>\n<p>[\/vc_column_text][\/vc_column][\/vc_row][vc_row][vc_column][vc_custom_heading text=&#8221;COOKIES NECESARIAS&#8221; font_container=&#8221;tag:h5|text_align:center&#8221; use_theme_fonts=&#8221;yes&#8221;]<style type=\"text\/css\" >#t_scmfmmipsy5mcpi98ix1 .table_col {color:#000000; background:#ffffff;}#t_scmfmmipsy5mcpi98ix1 .table_col .table_line_ctn {border:1px solid #e2e2e2;}#t_scmfmmipsy5mcpi98ix1 .table_col .table_line {border-bottom:1px solid #e2e2e2;} <\/style>  \n<!-- Table --><div class=\"rd_table_ctn rd_table_3_col\" id=\"t_scmfmmipsy5mcpi98ix1\"><div class=\"table_col\"><h3 style=\"background:#1abc9c; color:#262626\">Nombre<\/h3><div class=\"table_line_ctn\"><div class=\"table_line\"><p>CONSENT<\/p><\/div><div class=\"table_line\"><p>test_cookie<\/p><\/div><\/div><\/div><div class=\"table_col\"><h3 style=\"background:#1abc9c; color:#262626\">Tipo de datos<\/h3><div class=\"table_line_ctn\"><div class=\"table_line\"><p>Utilizada para detectar si el visitante ha aceptado la categor\u00eda de marketing en el banner de cookies.<\/p><\/div><div class=\"table_line\"><p>Utilizada para comprobar si el navegador del usuario admite cookies.<\/p><\/div><\/div><\/div><div class=\"table_col\"><h3 style=\"background:#1abc9c; color:#262626\">Caducidad<\/h3><div class=\"table_line_ctn\"><div class=\"table_line\"><p>Dos a\u00f1os <\/p><\/div><div class=\"table_line\"><p>Un d\u00eda<\/p><\/div><\/div><\/div><\/div>\r\n\r\n<!-- Table END-->\n[\/vc_column][\/vc_row][vc_row][vc_column][vc_custom_heading text=&#8221;COOKIES ANAL\u00cdTICAS&#8221; font_container=&#8221;tag:h5|text_align:center&#8221; use_theme_fonts=&#8221;yes&#8221;]<style type=\"text\/css\" >#t_affigysne1yuyiwjlnkb .table_col {color:#000000; background:#ffffff;}#t_affigysne1yuyiwjlnkb .table_col .table_line_ctn {border:1px solid #e2e2e2;}#t_affigysne1yuyiwjlnkb .table_col .table_line {border-bottom:1px solid #e2e2e2;} <\/style>  \n<!-- Table --><div class=\"rd_table_ctn rd_table_3_col\" id=\"t_affigysne1yuyiwjlnkb\"><div class=\"table_col\"><h3 style=\"background:#1abc9c; color:#262626\">Nombre<\/h3><div class=\"table_line_ctn\"><div class=\"table_line\"><p>_ga<\/p><\/div><div class=\"table_line\"><p>_gat<\/p><\/div><div class=\"table_line\"><p>_gid<\/p><\/div><\/div><\/div><div class=\"table_col\"><h3 style=\"background:#1abc9c; color:#262626\">Tipo de datos<\/h3><div class=\"table_line_ctn\"><div class=\"table_line\"><p>Anal\u00edtica<\/p><\/div><div class=\"table_line\"><p>Rendimiento<\/p><\/div><div class=\"table_line\"><p>Anal\u00edtica<\/p><\/div><\/div><\/div><div class=\"table_col\"><h3 style=\"background:#1abc9c; color:#262626\">Caducidad<\/h3><div class=\"table_line_ctn\"><div class=\"table_line\"><p>Dos a\u00f1os <\/p><\/div><div class=\"table_line\"><p>Un d\u00eda<\/p><\/div><div class=\"table_line\"><p>Un d\u00eda<\/p><\/div><\/div><\/div><\/div>\r\n\r\n<!-- Table END-->\n[\/vc_column][\/vc_row][vc_row][vc_column][vc_custom_heading text=&#8221;COOKIES DE TERCEROS&#8221; font_container=&#8221;tag:h5|text_align:center&#8221; use_theme_fonts=&#8221;yes&#8221;]<style type=\"text\/css\" >#t_wrm73c7oy36ovwh1uycp .table_col {color:#000000; background:#ffffff;}#t_wrm73c7oy36ovwh1uycp .table_col .table_line_ctn {border:1px solid #e2e2e2;}#t_wrm73c7oy36ovwh1uycp .table_col .table_line {border-bottom:1px solid #e2e2e2;} <\/style>  \n<!-- Table --><div class=\"rd_table_ctn rd_table_3_col\" id=\"t_wrm73c7oy36ovwh1uycp\"><div class=\"table_col\"><h3 style=\"background:#1abc9c; color:#262626\">Nombre<\/h3><div class=\"table_line_ctn\"><div class=\"table_line\"><p>IDE<\/p><\/div><div class=\"table_line\"><p>VISITOR_INFO1_LIVE<\/p><\/div><div class=\"table_line\"><p>YSC<\/p><\/div><div class=\"table_line\"><p>yt.innertube::nextId<\/p><\/div><div class=\"table_line\"><p>yt.innertube::requests<\/p><\/div><div class=\"table_line\"><p>yt-remote-cast-available<\/p><\/div><div class=\"table_line\"><p>yt-remote-cast-installed<\/p><\/div><div class=\"table_line\"><p>yt-remote-connected-devices<\/p><\/div><div class=\"table_line\"><p>yt-remote-device-id<\/p><\/div><div class=\"table_line\"><p>yt-remote-fast-check-period<\/p><\/div><div class=\"table_line\"><p>yt-remote-session-app<\/p><\/div><div class=\"table_line\"><p>yt-remote-session-name<\/p><\/div><\/div><\/div><div class=\"table_col\"><h3 style=\"background:#1abc9c; color:#262626\">Tipo de datos<\/h3><div class=\"table_line_ctn\"><div class=\"table_line\"><p>Marketing<\/p><\/div><div class=\"table_line\"><p>Estad\u00edstica<\/p><\/div><div class=\"table_line\"><p>Estad\u00edstica<\/p><\/div><div class=\"table_line\"><p>Estad\u00edstica<\/p><\/div><div class=\"table_line\"><p>Estad\u00edstica<\/p><\/div><div class=\"table_line\"><p>Registra las preferencias del reproductor de v\u00eddeo del usuario al ver v\u00eddeos incrustados de YouTube.<\/p><\/div><div class=\"table_line\"><p>Registra las preferencias del reproductor de v\u00eddeo del usuario al ver v\u00eddeos incrustados de YouTube.<\/p><\/div><div class=\"table_line\"><p>Marketing<\/p><\/div><div class=\"table_line\"><p>Marketing<\/p><\/div><div class=\"table_line\"><p>Registra las preferencias del reproductor de v\u00eddeo del usuario al ver v\u00eddeos incrustados de YouTube.<\/p><\/div><div class=\"table_line\"><p>Estad\u00edstica<\/p><\/div><div class=\"table_line\"><p>Estad\u00edstica<\/p><\/div><\/div><\/div><div class=\"table_col\"><h3 style=\"background:#1abc9c; color:#262626\">Caducidad<\/h3><div class=\"table_line_ctn\"><div class=\"table_line\"><p>Un a\u00f1o <\/p><\/div><div class=\"table_line\"><p>179 d\u00edas <\/p><\/div><div class=\"table_line\"><p>Sesi\u00f3n <\/p><\/div><div class=\"table_line\"><p>Persistente <\/p><\/div><div class=\"table_line\"><p>Persistente <\/p><\/div><div class=\"table_line\"><p>Sesi\u00f3n <\/p><\/div><div class=\"table_line\"><p>Sesi\u00f3n <\/p><\/div><div class=\"table_line\"><p>Persistente <\/p><\/div><div class=\"table_line\"><p>Persistente <\/p><\/div><div class=\"table_line\"><p>Sesi\u00f3n <\/p><\/div><div class=\"table_line\"><p>Sesi\u00f3n <\/p><\/div><div class=\"table_line\"><p>Sesi\u00f3n<\/p><\/div><\/div><\/div><\/div>\r\n\r\n<!-- Table END-->\n[\/vc_column][\/vc_row][vc_row][vc_column][vc_column_text]Esta lista se actualizar\u00e1 a medida que vayan cambiando los servicios ofrecidos en el sitio web y las cookies utilizadas a tales efectos. Sin embargo, ocasionalmente, durante esta actualizaci\u00f3n puede ser que la lista no incluya ya una cookie, aunque siempre se referir\u00e1 a cookies con prop\u00f3sitos id\u00e9nticos a los registrados en esta lista.<\/p>\n<p><em><strong>\u00daltima actualizaci\u00f3n:<\/strong> Octubre 2021<\/em><\/p>\n<h5><strong>6. <\/strong><b>Desactivar las cookies<\/b><\/h5>\n<p>El USUARIO puede rechazar la posibilidad de que se utilicen las cookies en su equipo mediante la configuraci\u00f3n de su navegador, pero ello comportar\u00e1 una experiencia de navegaci\u00f3n menos satisfactoria que incluso puede llegar a ser defectuosa. Para m\u00e1s informaci\u00f3n sobre la desactivaci\u00f3n de cookies visita las pautas de desactivaci\u00f3n de cookies previstas para cualquiera de los cuatro navegadores m\u00e1s usados (firefoxmozilla, chrome, internet explorer, safari):<\/p>\n<ul>\n<li><a href=\"https:\/\/support.mozilla.org\/es\/kb\/Borrar%20cookies\"><b>https:\/\/support.mozilla.org\/es\/kb\/Borrar%20cookies <\/b><\/a><\/li>\n<li><a href=\"https:\/\/support.google.com\/chrome\/answer\/95647?hl=es\"><b>https:\/\/support.google.com\/chrome\/answer\/95647?hl=es <\/b><\/a><\/li>\n<li><a href=\"http:\/\/windows.microsoft.com\/es-xl\/internet-explorer\/delete-manage-cookies#ie=ie-11-win-7\"><b>http:\/\/windows.microsoft.com\/es-xl\/internet-explorer\/delete-manage-cookies#ie=ie-11-win-7 <\/b><\/a><\/li>\n<li><a href=\"http:\/\/support.apple.com\/kb\/ht1677?viewlocale=es_ES\"><b>http:\/\/support.apple.com\/kb\/ht1677?viewlocale=es_ES <\/b><\/a><\/li>\n<\/ul>\n<p>[\/vc_column_text][\/vc_column][\/vc_row]<\/p>\n","protected":false},"excerpt":{"rendered":"<p>[vc_row][vc_column] [vc_custom_heading text=&#8221;Pol\u00edtica de cookies&#8221; font_container=&#8221;tag:h2|font_size:50|text_align:center&#8221; use_theme_fonts=&#8221;yes&#8221; css=&#8221;.vc_custom_1529914072319{margin-bottom: 0px !important;padding-top: 10px !important;padding-bottom: 20px !important;}&#8221;] [\/vc_column][\/vc_row][vc_row][vc_column][vc_column_text]SISTEMA INTEGRADO DE GESTION DE ACEITES USADOS, S.L. (en adelante \u201cSIGAUS\u201d) con domicilio en Avda. Europa, 34-D. 3\u00baB, 28023 Madrid y C.I.F B-84886837 le informa a continuaci\u00f3n de la Pol\u00edtica de Cookies que regula el uso de cookies. Aceptaci\u00f3n de la<br \/><a href=\"https:\/\/memoria2017.sigaus.es\/index.php\/politica-de-cookies\/\" class=\"more\">Read more<\/a><\/p>\n","protected":false},"author":7,"featured_media":0,"parent":0,"menu_order":0,"comment_status":"closed","ping_status":"closed","template":"","meta":{"footnotes":""},"_links":{"self":[{"href":"https:\/\/memoria2017.sigaus.es\/index.php\/wp-json\/wp\/v2\/pages\/55"}],"collection":[{"href":"https:\/\/memoria2017.sigaus.es\/index.php\/wp-json\/wp\/v2\/pages"}],"about":[{"href":"https:\/\/memoria2017.sigaus.es\/index.php\/wp-json\/wp\/v2\/types\/page"}],"author":[{"embeddable":true,"href":"https:\/\/memoria2017.sigaus.es\/index.php\/wp-json\/wp\/v2\/users\/7"}],"replies":[{"embeddable":true,"href":"https:\/\/memoria2017.sigaus.es\/index.php\/wp-json\/wp\/v2\/comments?post=55"}],"version-history":[{"count":7,"href":"https:\/\/memoria2017.sigaus.es\/index.php\/wp-json\/wp\/v2\/pages\/55\/revisions"}],"predecessor-version":[{"id":3975,"href":"https:\/\/memoria2017.sigaus.es\/index.php\/wp-json\/wp\/v2\/pages\/55\/revisions\/3975"}],"wp:attachment":[{"href":"https:\/\/memoria2017.sigaus.es\/index.php\/wp-json\/wp\/v2\/media?parent=55"}],"curies":[{"name":"wp","href":"https:\/\/api.w.org\/{rel}","templated":true}]}}