{"id":47,"date":"2018-06-13T08:39:19","date_gmt":"2018-06-13T08:39:19","guid":{"rendered":"https:\/\/memoria2017.sigaus.es\/?page_id=47"},"modified":"2021-10-29T12:53:32","modified_gmt":"2021-10-29T12:53:32","slug":"privacidad","status":"publish","type":"page","link":"https:\/\/memoria2017.sigaus.es\/index.php\/privacidad\/","title":{"rendered":"Privacidad"},"content":{"rendered":"<p>[vc_row][vc_column]<style type=\"text\/css\" >#l_01k9bj7avtxv57ffv0qv{width:500px;}#l_01k9bj7avtxv57ffv0qv.sc_line ,#l_01k9bj7avtxv57ffv0qv .sc_line { height:1px; background:#1a1a1a;}#l_01k9bj7avtxv57ffv0qv.sc_line ,#l_01k9bj7avtxv57ffv0qv .sc_line{margin-left:auto!important; margin-right:auto!important;}#l_01k9bj7avtxv57ffv0qv {margin:0px 0 0px 0; padding:0;}<\/style><style type='text\/css'> @font-face{font-family: 'ion'; src:url('https:\/\/memoria2017.sigaus.es\/wp-content\/themes\/SigausMemoria2017\/includes\/4k-icons\/icons\/4k-icons-pack03\/icons\/fonts\/ion.eot'); src:url('https:\/\/memoria2017.sigaus.es\/wp-content\/themes\/SigausMemoria2017\/includes\/4k-icons\/icons\/4k-icons-pack03\/icons\/fonts\/ion.eot?#iefix') format('embedded-opentype'), url('https:\/\/memoria2017.sigaus.es\/wp-content\/themes\/SigausMemoria2017\/includes\/4k-icons\/icons\/4k-icons-pack03\/icons\/fonts\/ion.woff') format('woff'), url('https:\/\/memoria2017.sigaus.es\/wp-content\/themes\/SigausMemoria2017\/includes\/4k-icons\/icons\/4k-icons-pack03\/icons\/fonts\/ion.ttf') format('truetype'), url('https:\/\/memoria2017.sigaus.es\/wp-content\/themes\/SigausMemoria2017\/includes\/4k-icons\/icons\/4k-icons-pack03\/icons\/fonts\/ion.svg#oi') format('svg'); font-weight: normal; font-style: normal;}#l_01k9bj7avtxv57ffv0qv .ion-document:before{font-family: 'ion'; font-weight: normal; font-style: normal;}#l_01k9bj7avtxv57ffv0qv .ion-document:before{content: \"\\e888\";}<\/style>\n<style type=\"text\/css\" >#l_01k9bj7avtxv57ffv0qv.rd_icon_line_c{height:35px;}#l_01k9bj7avtxv57ffv0qv.rd_icon_line_c i{line-height:30px; width:30px ; font-size:30px; color:#286380 ; margin-left:-15px;}#l_01k9bj7avtxv57ffv0qv .sc_line_l{float:left; margin:15px 0 0 0; width: -moz-calc(50% - 25px); width: -webkit-calc(50% - 25px); width: -o-calc(50% - 25px); width: calc(50% - 25px);}#l_01k9bj7avtxv57ffv0qv .sc_line_r{float:right; margin:15px 0 0 0; width: -moz-calc(50% - 25px); width: -webkit-calc(50% - 25px); width: -o-calc(50% - 25px); width: calc(50% - 25px);}<\/style><div class=\"clearfix\"><\/div><div id=\"l_01k9bj7avtxv57ffv0qv\"  class=\"rd_icon_line_c\"><i class=\"ion-document\"><\/i><div class=\"sc_line_l sc_line rd_line_normal\" ><\/div><div class=\"sc_line sc_line_r rd_line_normal\" ><\/div><\/div>[vc_custom_heading text=&#8221;Pol\u00edtica de Privacidad&#8221; font_container=&#8221;tag:h2|font_size:50|text_align:center&#8221; use_theme_fonts=&#8221;yes&#8221; css=&#8221;.vc_custom_1529913976032{margin-bottom: 0px !important;padding-top: 10px !important;padding-bottom: 20px !important;}&#8221;]<style type=\"text\/css\" >#l_j0imca2rc1ua01me1vbg{width:500px;}#l_j0imca2rc1ua01me1vbg.sc_line ,#l_j0imca2rc1ua01me1vbg .sc_line { height:1px; background:#1a1a1a;}#l_j0imca2rc1ua01me1vbg.sc_line ,#l_j0imca2rc1ua01me1vbg .sc_line{margin-left:auto!important; margin-right:auto!important;}#l_j0imca2rc1ua01me1vbg {margin:0px 0 50px 0; padding:0;}<\/style><style type='text\/css'> @font-face{font-family: 'ion'; src:url('https:\/\/memoria2017.sigaus.es\/wp-content\/themes\/SigausMemoria2017\/includes\/4k-icons\/icons\/4k-icons-pack03\/icons\/fonts\/ion.eot'); src:url('https:\/\/memoria2017.sigaus.es\/wp-content\/themes\/SigausMemoria2017\/includes\/4k-icons\/icons\/4k-icons-pack03\/icons\/fonts\/ion.eot?#iefix') format('embedded-opentype'), url('https:\/\/memoria2017.sigaus.es\/wp-content\/themes\/SigausMemoria2017\/includes\/4k-icons\/icons\/4k-icons-pack03\/icons\/fonts\/ion.woff') format('woff'), url('https:\/\/memoria2017.sigaus.es\/wp-content\/themes\/SigausMemoria2017\/includes\/4k-icons\/icons\/4k-icons-pack03\/icons\/fonts\/ion.ttf') format('truetype'), url('https:\/\/memoria2017.sigaus.es\/wp-content\/themes\/SigausMemoria2017\/includes\/4k-icons\/icons\/4k-icons-pack03\/icons\/fonts\/ion.svg#oi') format('svg'); font-weight: normal; font-style: normal;}#l_j0imca2rc1ua01me1vbg .ion-document:before{font-family: 'ion'; font-weight: normal; font-style: normal;}#l_j0imca2rc1ua01me1vbg .ion-document:before{content: \"\\e888\";}<\/style>\n<style type=\"text\/css\" >#l_j0imca2rc1ua01me1vbg.rd_icon_line_c{height:35px;}#l_j0imca2rc1ua01me1vbg.rd_icon_line_c i{line-height:30px; width:30px ; font-size:30px; color:#286380 ; margin-left:-15px;}#l_j0imca2rc1ua01me1vbg .sc_line_l{float:left; margin:15px 0 0 0; width: -moz-calc(50% - 25px); width: -webkit-calc(50% - 25px); width: -o-calc(50% - 25px); width: calc(50% - 25px);}#l_j0imca2rc1ua01me1vbg .sc_line_r{float:right; margin:15px 0 0 0; width: -moz-calc(50% - 25px); width: -webkit-calc(50% - 25px); width: -o-calc(50% - 25px); width: calc(50% - 25px);}<\/style><div class=\"clearfix\"><\/div><div id=\"l_j0imca2rc1ua01me1vbg\"  class=\"rd_icon_line_c\"><i class=\"ion-document\"><\/i><div class=\"sc_line_l sc_line rd_line_normal\" ><\/div><div class=\"sc_line sc_line_r rd_line_normal\" ><\/div><\/div>[vc_column_text]<\/p>\n<h4><strong>Responsable del Tratamiento.<\/strong><\/h4>\n<p>SISTEMA INTEGRADO DE GESTION DE ACEITES USADOS, S.L. (en adelante \u201cSIGAUS\u201d) con domicilio en Avda. Europa, 34-D. 3\u00baB, 28023 Madrid y C.I.F B-84886837 informa que los datos de car\u00e1cter personal que proporcione o que en el futuro pueda proporcionar, ser\u00e1n tratados de conformidad con lo previsto en la presente pol\u00edtica.<\/p>\n<h4><strong><br \/>\nFinalidad del Tratamiento.<\/strong><\/h4>\n<p>Las finalidades de la recogida de los datos son:<\/p>\n<ul>\n<li>Identificarle, procesar, y contactar con usted para dar respuesta a cualquier cuesti\u00f3n que nos plantee.<\/li>\n<li>Utilizar sus datos para elaborar estad\u00edsticas y analizar c\u00f3mo podremos mejorar los servicios de la p\u00e1gina web.<\/li>\n<li>En caso de que nos haya autorizado para ello, enviarle por cualquier medio informaci\u00f3n sobre eventos, servicios y\/o productos que pudieran ser su inter\u00e9s, ofrecidos por SIGAUS incluso, personalizada y mejorada mediante la elaboraci\u00f3n de perfiles automatizados.<\/li>\n<\/ul>\n<h4><strong><br \/>\nLegitimaci\u00f3n.<\/strong><\/h4>\n<p>La base legal para el tratamiento de los datos personales es el consentimiento.<\/p>\n<h4><strong><br \/>\nConservaci\u00f3n de datos.<\/strong><\/h4>\n<p>Los datos proporcionados ser\u00e1n conservados por el tiempo que resulte necesario, a efectos de garantizar el cumplimiento de las obligaciones legales que le corresponden a SIGAUS.<\/p>\n<h4><strong><br \/>\nComunicaci\u00f3n de los datos. <\/strong><\/h4>\n<p>En caso de estar autorizados para ello, sus datos personales del podr\u00e1n ser comunicados a terceros colaboradores en el sector de gesti\u00f3n de residuos con la finalidad de enviarle por cualquier medio informaci\u00f3n sobre eventos, servicios y\/o productos que pudieran ser su inter\u00e9s, incluso, personalizada y mejorada mediante la elaboraci\u00f3n de perfiles automatizados.<br \/>\nAsimismo, sus datos personales podr\u00e1n ser tratados y comunicados en el marco de acciones y actos preparatorios y de revisi\u00f3n previos y posteriores a operaciones mercantiles de cualquier naturaleza, tales como, y\/o sustituci\u00f3n en la actividad, a t\u00edtulo enunciativo y no limitativo fusi\u00f3n, escisi\u00f3n, cesi\u00f3n global de activos y pasivos, aportaci\u00f3n o transmisi\u00f3n de negocio o rama de actividad empresarial, o cualquier operaci\u00f3n de reestructuraci\u00f3n de negocio y\/o societaria de an\u00e1loga naturaleza, contemplada por la normativa mercantil; as\u00ed como en el marco de las referidas operaciones mercantiles.<\/p>\n<h4><strong><br \/>\nTransferencias internacionales. <\/strong><\/h4>\n<p>Sus datos personales no se transfieren fuera de Espa\u00f1a. En el caso de que se llegaran a transferir fuera del Espacio Econ\u00f3mico Europeo, SIGAUS adoptar\u00e1 las medidas legales necesarias.<\/p>\n<h4><strong><br \/>\nDatos de terceros.<\/strong><\/h4>\n<p>En caso de que en cualquier momento facilite a SIGAUS datos de car\u00e1cter personal de terceras personas con las que mantenga alguna relaci\u00f3n, usted garantiza que est\u00e1 facultado leg\u00edtimamente para facilitar los referidos datos y que ha procedido a informar y obtener el consentimiento de esos terceros para la comunicaci\u00f3n de sus datos, respondiendo en caso de que no sea as\u00ed. No obstante lo anterior, SIGAUS pondr\u00e1 todos sus esfuerzos en actuar debidamente en relaci\u00f3n con el tratamiento de dichos terceros.<\/p>\n<h4><strong><br \/>\nActualizaci\u00f3n de datos.<\/strong><\/h4>\n<p>Usted se compromete a comunicar de forma inmediata a SIGAUS cualquier modificaci\u00f3n de sus datos de car\u00e1cter personal a fin de que la informaci\u00f3n tratada por SIGAUS est\u00e9 en todo momento actualizada y no contenga errores.<\/p>\n<h4><strong><br \/>\nMedidas de seguridad. <\/strong><\/h4>\n<p>SIGAUS le informa que tiene implantadas las medidas de seguridad de \u00edndole t\u00e9cnica y organizativas necesarias que garanticen la seguridad de sus datos de car\u00e1cter personal y eviten su alteraci\u00f3n, p\u00e9rdida, tratamiento y\/o acceso no autorizado, habida cuenta del estado de la tecnolog\u00eda, la naturaleza de los datos almacenados y los riesgos a que est\u00e1n expuestos, ya provengan de la acci\u00f3n humana o del medio f\u00edsico o natural.<\/p>\n<h4><strong><br \/>\nDerechos.<\/strong><\/h4>\n<p>Usted podr\u00e1, en los t\u00e9rminos establecidos en la normativa sobre protecci\u00f3n de datos vigente en cada momento, y de acuerdo con la normativa, revocar en cualquier momento la autorizaci\u00f3n concedida para el tratamiento y la cesi\u00f3n de los datos personales, as\u00ed como ejercer los derechos de acceso, rectificaci\u00f3n, la supresi\u00f3n, oposici\u00f3n, derecho a solicitar la limitaci\u00f3n del tratamiento de sus datos personales y el derecho a la portabilidad de sus datos. Para ello se podr\u00e1 dirigir por escrito a <a href=\"mailto:info@sigaus.es\">info@sigaus.es<\/a>. Igualmente, tiene derecho a presentar una reclamaci\u00f3n ante la Agencia Espa\u00f1ola de Protecci\u00f3n de Datos.[\/vc_column_text][\/vc_column][\/vc_row]<\/p>\n","protected":false},"excerpt":{"rendered":"<p>[vc_row][vc_column] [vc_custom_heading text=&#8221;Pol\u00edtica de Privacidad&#8221; font_container=&#8221;tag:h2|font_size:50|text_align:center&#8221; use_theme_fonts=&#8221;yes&#8221; css=&#8221;.vc_custom_1529913976032{margin-bottom: 0px !important;padding-top: 10px !important;padding-bottom: 20px !important;}&#8221;] [vc_column_text] Responsable del Tratamiento. SISTEMA INTEGRADO DE GESTION DE ACEITES USADOS, S.L. (en adelante \u201cSIGAUS\u201d) con domicilio en Avda. Europa, 34-D. 3\u00baB, 28023 Madrid y C.I.F B-84886837 informa que los datos de car\u00e1cter personal que proporcione o que en el futuro<br \/><a href=\"https:\/\/memoria2017.sigaus.es\/index.php\/privacidad\/\" class=\"more\">Read more<\/a><\/p>\n","protected":false},"author":7,"featured_media":0,"parent":0,"menu_order":0,"comment_status":"closed","ping_status":"closed","template":"","meta":{"footnotes":""},"_links":{"self":[{"href":"https:\/\/memoria2017.sigaus.es\/index.php\/wp-json\/wp\/v2\/pages\/47"}],"collection":[{"href":"https:\/\/memoria2017.sigaus.es\/index.php\/wp-json\/wp\/v2\/pages"}],"about":[{"href":"https:\/\/memoria2017.sigaus.es\/index.php\/wp-json\/wp\/v2\/types\/page"}],"author":[{"embeddable":true,"href":"https:\/\/memoria2017.sigaus.es\/index.php\/wp-json\/wp\/v2\/users\/7"}],"replies":[{"embeddable":true,"href":"https:\/\/memoria2017.sigaus.es\/index.php\/wp-json\/wp\/v2\/comments?post=47"}],"version-history":[{"count":3,"href":"https:\/\/memoria2017.sigaus.es\/index.php\/wp-json\/wp\/v2\/pages\/47\/revisions"}],"predecessor-version":[{"id":3971,"href":"https:\/\/memoria2017.sigaus.es\/index.php\/wp-json\/wp\/v2\/pages\/47\/revisions\/3971"}],"wp:attachment":[{"href":"https:\/\/memoria2017.sigaus.es\/index.php\/wp-json\/wp\/v2\/media?parent=47"}],"curies":[{"name":"wp","href":"https:\/\/api.w.org\/{rel}","templated":true}]}}