{"id":45,"date":"2018-06-13T08:39:01","date_gmt":"2018-06-13T08:39:01","guid":{"rendered":"https:\/\/memoria2017.sigaus.es\/?page_id=45"},"modified":"2018-06-25T07:58:26","modified_gmt":"2018-06-25T07:58:26","slug":"aviso-legal","status":"publish","type":"page","link":"https:\/\/memoria2017.sigaus.es\/index.php\/aviso-legal\/","title":{"rendered":"Aviso legal"},"content":{"rendered":"<p>[vc_row][vc_column]<style type=\"text\/css\" >#l_g9q52abrvcux3xu0dbih{width:500px;}#l_g9q52abrvcux3xu0dbih.sc_line ,#l_g9q52abrvcux3xu0dbih .sc_line { height:1px; background:#1a1a1a;}#l_g9q52abrvcux3xu0dbih.sc_line ,#l_g9q52abrvcux3xu0dbih .sc_line{margin-left:auto!important; margin-right:auto!important;}#l_g9q52abrvcux3xu0dbih {margin:0px 0 0px 0; padding:0;}<\/style><style type='text\/css'> @font-face{font-family: 'ion'; src:url('https:\/\/memoria2017.sigaus.es\/wp-content\/themes\/SigausMemoria2017\/includes\/4k-icons\/icons\/4k-icons-pack03\/icons\/fonts\/ion.eot'); src:url('https:\/\/memoria2017.sigaus.es\/wp-content\/themes\/SigausMemoria2017\/includes\/4k-icons\/icons\/4k-icons-pack03\/icons\/fonts\/ion.eot?#iefix') format('embedded-opentype'), url('https:\/\/memoria2017.sigaus.es\/wp-content\/themes\/SigausMemoria2017\/includes\/4k-icons\/icons\/4k-icons-pack03\/icons\/fonts\/ion.woff') format('woff'), url('https:\/\/memoria2017.sigaus.es\/wp-content\/themes\/SigausMemoria2017\/includes\/4k-icons\/icons\/4k-icons-pack03\/icons\/fonts\/ion.ttf') format('truetype'), url('https:\/\/memoria2017.sigaus.es\/wp-content\/themes\/SigausMemoria2017\/includes\/4k-icons\/icons\/4k-icons-pack03\/icons\/fonts\/ion.svg#oi') format('svg'); font-weight: normal; font-style: normal;}#l_g9q52abrvcux3xu0dbih .ion-document:before{font-family: 'ion'; font-weight: normal; font-style: normal;}#l_g9q52abrvcux3xu0dbih .ion-document:before{content: \"\\e888\";}<\/style>\n<style type=\"text\/css\" >#l_g9q52abrvcux3xu0dbih.rd_icon_line_c{height:35px;}#l_g9q52abrvcux3xu0dbih.rd_icon_line_c i{line-height:30px; width:30px ; font-size:30px; color:#286380 ; margin-left:-15px;}#l_g9q52abrvcux3xu0dbih .sc_line_l{float:left; margin:15px 0 0 0; width: -moz-calc(50% - 25px); width: -webkit-calc(50% - 25px); width: -o-calc(50% - 25px); width: calc(50% - 25px);}#l_g9q52abrvcux3xu0dbih .sc_line_r{float:right; margin:15px 0 0 0; width: -moz-calc(50% - 25px); width: -webkit-calc(50% - 25px); width: -o-calc(50% - 25px); width: calc(50% - 25px);}<\/style><div class=\"clearfix\"><\/div><div id=\"l_g9q52abrvcux3xu0dbih\"  class=\"rd_icon_line_c\"><i class=\"ion-document\"><\/i><div class=\"sc_line_l sc_line rd_line_normal\" ><\/div><div class=\"sc_line sc_line_r rd_line_normal\" ><\/div><\/div>[vc_custom_heading text=&#8221;Aviso legal&#8221; font_container=&#8221;tag:h2|font_size:50|text_align:center&#8221; use_theme_fonts=&#8221;yes&#8221; css=&#8221;.vc_custom_1529912353850{margin-bottom: 0px !important;padding-top: 10px !important;padding-bottom: 20px !important;}&#8221;]<style type=\"text\/css\" >#l_lvm8l2sc1cka8792uyq8{width:500px;}#l_lvm8l2sc1cka8792uyq8.sc_line ,#l_lvm8l2sc1cka8792uyq8 .sc_line { height:1px; background:#1a1a1a;}#l_lvm8l2sc1cka8792uyq8.sc_line ,#l_lvm8l2sc1cka8792uyq8 .sc_line{margin-left:auto!important; margin-right:auto!important;}#l_lvm8l2sc1cka8792uyq8 {margin:0px 0 50px 0; padding:0;}<\/style><style type='text\/css'> @font-face{font-family: 'ion'; src:url('https:\/\/memoria2017.sigaus.es\/wp-content\/themes\/SigausMemoria2017\/includes\/4k-icons\/icons\/4k-icons-pack03\/icons\/fonts\/ion.eot'); src:url('https:\/\/memoria2017.sigaus.es\/wp-content\/themes\/SigausMemoria2017\/includes\/4k-icons\/icons\/4k-icons-pack03\/icons\/fonts\/ion.eot?#iefix') format('embedded-opentype'), url('https:\/\/memoria2017.sigaus.es\/wp-content\/themes\/SigausMemoria2017\/includes\/4k-icons\/icons\/4k-icons-pack03\/icons\/fonts\/ion.woff') format('woff'), url('https:\/\/memoria2017.sigaus.es\/wp-content\/themes\/SigausMemoria2017\/includes\/4k-icons\/icons\/4k-icons-pack03\/icons\/fonts\/ion.ttf') format('truetype'), url('https:\/\/memoria2017.sigaus.es\/wp-content\/themes\/SigausMemoria2017\/includes\/4k-icons\/icons\/4k-icons-pack03\/icons\/fonts\/ion.svg#oi') format('svg'); font-weight: normal; font-style: normal;}#l_lvm8l2sc1cka8792uyq8 .ion-document:before{font-family: 'ion'; font-weight: normal; font-style: normal;}#l_lvm8l2sc1cka8792uyq8 .ion-document:before{content: \"\\e888\";}<\/style>\n<style type=\"text\/css\" >#l_lvm8l2sc1cka8792uyq8.rd_icon_line_c{height:35px;}#l_lvm8l2sc1cka8792uyq8.rd_icon_line_c i{line-height:30px; width:30px ; font-size:30px; color:#286380 ; margin-left:-15px;}#l_lvm8l2sc1cka8792uyq8 .sc_line_l{float:left; margin:15px 0 0 0; width: -moz-calc(50% - 25px); width: -webkit-calc(50% - 25px); width: -o-calc(50% - 25px); width: calc(50% - 25px);}#l_lvm8l2sc1cka8792uyq8 .sc_line_r{float:right; margin:15px 0 0 0; width: -moz-calc(50% - 25px); width: -webkit-calc(50% - 25px); width: -o-calc(50% - 25px); width: calc(50% - 25px);}<\/style><div class=\"clearfix\"><\/div><div id=\"l_lvm8l2sc1cka8792uyq8\"  class=\"rd_icon_line_c\"><i class=\"ion-document\"><\/i><div class=\"sc_line_l sc_line rd_line_normal\" ><\/div><div class=\"sc_line sc_line_r rd_line_normal\" ><\/div><\/div>[vc_column_text]<\/p>\n<div class=\"vc_row wpb_row vc_row-fluid  \">\n<div class=\"vc_span12 wpb_column vc_column_container \">\n<div class=\"vc_column-inner \">\n<div class=\"wpb_wrapper\">\n<div class=\"wpb_text_column wpb_content_element  \">\n<div id=\"ct_t2tfsy8kemw1mi2l7sa9\" class=\"wpb_wrapper\">\n<p>El presente aviso e informaci\u00f3n legales (en adelante, el \u201cAviso Legal\u201d) regula el uso del servicio web www.sigaus.es del que es titular <strong>SISTEMA INTEGRADO DE GESTI\u00f3N DE ACEITES USADOS<\/strong>, S.L. (en adelante, <strong>SIGAUS<\/strong>), con domicilio social en Avenida Europa 34-D ; 28023 \u2013 MADRID, con CIF B-84886837.<\/p>\n<p>1. La utilizaci\u00f3n del web <a href=\"http:\/\/www.sigaus.es\">www.sigaus.es<\/a>, as\u00ed como de los servicios que en el se ofrecen por SIGAUS son, en principio de car\u00e1cter gratuito, y sin perjuicio de que esta circunstancia pueda variar de acuerdo con la Cla\u00fasula Novena de estas Condiciones Generales o por las Condiciones Generales de Uso que regulen particularmente cualquiera de los servicios incluidos ofrecidos por <strong>SIGAUS<\/strong>.<\/p>\n<p>2. Por el mero uso del Portal de <strong>SIGAUS<\/strong> el usuario manifiesta su aceptaci\u00f3n sin reservas de las presentes condiciones generales.<\/p>\n<p>3. El usuario se obliga a no utilizar el web ni los servicios ofertados en \u00e9l por <strong>SIGAUS<\/strong> para la realizaci\u00f3n de actividades contrarias a las leyes, a la moral, al orden p\u00fablico y, en general, a hacer un uso conforme a las presentes condiciones generales. Se obliga asimismo a no realizar a trav\u00e9s de los servicios, actividades publicitarias o de explotaci\u00f3n comercial y a no remitir mensajes utilizando una identidad falsa, as\u00ed como a no ocultar en manera alguna el origen del mensaje.<\/p>\n<p>4. SIGAUS act\u00faa exclusivamente como responsable del web site prestador de un servicio de informaci\u00f3n sobre sus propiso servicios, no haci\u00e9ndose responsable de los contenidos que, en contravenci\u00f3n a las presentes condiciones generales, los usuarios pudieran enviar o publicar, siendo el usuario el \u00fanico responsable de la veracidad y licitud de los mismos.<\/p>\n<p>5. El usuario se obliga a respetar las restricciones de uso del web <a href=\"http:\/\/www.sigaus.es\">www.sigaus.es<\/a> y de los servicios ofertados por <strong>SIGAUS<\/strong> en cada momento.<\/p>\n<p>6. <strong>SIGAUS<\/strong> no ser\u00e1 responsable de los fallos que pudieran producirse en las comunicaciones, incluido el borrado, transmisi\u00f3n incompleta o retrasos en la remisi\u00f3n, no comprometi\u00e9ndose tampoco a que la red de transmisi\u00f3n est\u00e9 operativa en todo momento. Tampoco responder\u00e1 <strong>SIGAUS<\/strong> en caso de que un tercero, quebrantando las medidas de seguridad establecidas, acceda a los mensajes o los utilice para la remisi\u00f3n de virus inform\u00e1ticos.<\/p>\n<p><strong>SIGAUS<\/strong> ha adoptado todas las medidas de seguridad legalmente exigidas para la protecci\u00f3n de los datos personales suministrados por el usuario. No obstante, no puede garantizar la invulnerabilidad absoluta de sus sistemas de seguridad, ni puede garantizar la seguridad o inviolabilidad de dichos datos en su transmisi\u00f3n a trav\u00e9s de la red.<\/p>\n<p><strong>SIGAUS<\/strong> no garantiza la licitud, fiabilidad y utilidad de los contenidos que los usuarios transmitan con la utilizaci\u00f3n del web www.sigaus.es o de los servicios en \u00e9l ofertados, as\u00ed como tampoco su veracidad o exactitud. <strong>SIGAUS<\/strong> no controla la utilizaci\u00f3n que los usuarios hacen del web <a href=\"http:\/\/www.sigaus.es\">www.sigaus.es<\/a>, ni garantiza que lo hagan de forma conforme a las presentes Condiciones Generales.<\/p>\n<p><strong>SIGAUS<\/strong> no controla ni garantiza la ausencia de virus inform\u00e1ticos en los servicios prestados por terceros a trav\u00e9s del web <a href=\"http:\/\/www.sigaus.es\">www.sigaus.es<\/a> que puedan producir alteraciones en su sistema inform\u00e1tico (software y hardware) o en los documentos y ficheros electr\u00f3nicos almacenados en su sistema inform\u00e1tico. Los dispositivos de enlace que el web pone a disposici\u00f3n de los usuarios tienen por \u00fanico objeto facilitar a los mismos la b\u00fasqueda de la informaci\u00f3n disponible en Internet.<\/p>\n<p>7. <strong>SIGAUS<\/strong> podr\u00e1 interrumpir el servicio del web www.sigaus.es que est\u00e9 siendo utilizado por el usuario y resolver de modo inmediato la relaci\u00f3n con el usuario si detecta un uso de dicha web o de cualquiera de los servicios que en el mismo se ofertan que pueda considerar contrario a las presentes Condiciones Generales.<\/p>\n<p>8. <strong>SIGAUS<\/strong> se reserva el derecho de dejar de prestar cualquiera de los servicios ofrecidos, bastando para ello comunicarlo en la pantalla de acceso al servicio con un preaviso de QUINCE (15) d\u00edas. Se reserva, asimismo, el derecho de modificar unilateralmente, en cualquier momento y sin previo aviso, la presentaci\u00f3n y condiciones del web www.sigaus.es, as\u00ed como los servicios ofertados y las condiciones requeridas para su utilizaci\u00f3n.<\/p>\n<p>9. <strong>SIGAUS<\/strong> podr\u00e1, en cualquier momento, modificar las presentes Condiciones Generales o introducir nuevas condiciones de uso del web y\/o de los servicios en \u00e9l ofertados, incluido el cese de la gratuidad. Dichas modificaciones s\u00f3lo ser\u00e1n de aplicaci\u00f3n a partir de su entrada en vigor.<\/p>\n<p>10. Las partes, con expresa renuncia a su propio fuero, aceptan como legislaci\u00f3n rectora del presente contrato, la espa\u00f1ola, y se someten para la resoluci\u00f3n de cuantos litigios pudieran derivarse del mismo a los Juzgados y Tribunales de Madrid Capital.<\/p>\n<\/div>\n<\/div>\n<\/div>\n<\/div>\n<\/div>\n<\/div>\n<p>[\/vc_column_text][\/vc_column][\/vc_row]<\/p>\n","protected":false},"excerpt":{"rendered":"<p>[vc_row][vc_column] [vc_custom_heading text=&#8221;Aviso legal&#8221; font_container=&#8221;tag:h2|font_size:50|text_align:center&#8221; use_theme_fonts=&#8221;yes&#8221; css=&#8221;.vc_custom_1529912353850{margin-bottom: 0px !important;padding-top: 10px !important;padding-bottom: 20px !important;}&#8221;] [vc_column_text] El presente aviso e informaci\u00f3n legales (en adelante, el \u201cAviso Legal\u201d) regula el uso del servicio web www.sigaus.es del que es titular SISTEMA INTEGRADO DE GESTI\u00f3N DE ACEITES USADOS, S.L. (en adelante, SIGAUS), con domicilio social en Avenida Europa 34-D ;<br \/><a href=\"https:\/\/memoria2017.sigaus.es\/index.php\/aviso-legal\/\" class=\"more\">Read more<\/a><\/p>\n","protected":false},"author":7,"featured_media":0,"parent":0,"menu_order":0,"comment_status":"closed","ping_status":"closed","template":"","meta":{"footnotes":""},"_links":{"self":[{"href":"https:\/\/memoria2017.sigaus.es\/index.php\/wp-json\/wp\/v2\/pages\/45"}],"collection":[{"href":"https:\/\/memoria2017.sigaus.es\/index.php\/wp-json\/wp\/v2\/pages"}],"about":[{"href":"https:\/\/memoria2017.sigaus.es\/index.php\/wp-json\/wp\/v2\/types\/page"}],"author":[{"embeddable":true,"href":"https:\/\/memoria2017.sigaus.es\/index.php\/wp-json\/wp\/v2\/users\/7"}],"replies":[{"embeddable":true,"href":"https:\/\/memoria2017.sigaus.es\/index.php\/wp-json\/wp\/v2\/comments?post=45"}],"version-history":[{"count":12,"href":"https:\/\/memoria2017.sigaus.es\/index.php\/wp-json\/wp\/v2\/pages\/45\/revisions"}],"predecessor-version":[{"id":759,"href":"https:\/\/memoria2017.sigaus.es\/index.php\/wp-json\/wp\/v2\/pages\/45\/revisions\/759"}],"wp:attachment":[{"href":"https:\/\/memoria2017.sigaus.es\/index.php\/wp-json\/wp\/v2\/media?parent=45"}],"curies":[{"name":"wp","href":"https:\/\/api.w.org\/{rel}","templated":true}]}}